{"id":2746,"date":"2020-05-25T22:08:52","date_gmt":"2020-05-25T20:08:52","guid":{"rendered":"http:\/\/tandem-dance.org\/wp\/?page_id=2746"},"modified":"2025-09-17T22:25:27","modified_gmt":"2025-09-17T20:25:27","slug":"tarifs","status":"publish","type":"page","link":"https:\/\/www.tandem-dance.org\/?page_id=2746","title":{"rendered":"Tarifs"},"content":{"rendered":"<!-- wp:extendstudio\/materialis--><div  data-label=\"Features\" data-id=\"features--2\" data-export-id=\"features-1-materialis\" data-category=\"features\" class=\"features-1m content-section content-section-spacing-large\" id=\"features-2\" style=\"background-color: rgb(255, 255, 255); background-image: none;\"><div  class=\"gridContainer\"><div  data-section-title-area=\"true\" class=\"row text-center\">   <div  class=\"section-title-col\" data-type=\"column\">                 <h2  class=\"\"><span  style=\"font-style: italic;\"><sup ><span  style=\"font-family: &quot;Playfair Display&quot;, arial, helvetica, sans-serif;\">les<\/span><\/sup><\/span>TARIFS<\/h2><h5  class=\"\">saison 2025 \/ 2026<\/h5><img  decoding=\"async\" class=\"custom-image\" src=\"https:\/\/tandem-dance.org\/wp\/wp-content\/uploads\/2020\/04\/line_org.jpg\"><\/div><\/div>  <div  class=\"row top-xs space-top-small content-center-sm\" data-type=\"row\">  <div  class=\"col-sm-4 col-xs-12 space-bottom col-md-12\" data-type=\"column\">  <h5  class=\"\"><span  style=\"font-weight: 300;\">Cotisations pour la saison incluant l\u2019adh\u00e9sion \u00e0 l\u2019association, la licence et l\u2019assurance<\/span><\/h5><div  data-editable=\"true\" data-name=\"materialis-custom-content-shortcode\" data-content-shortcode=\"table id=tarifs \/\" class=\"\">\n<table id=\"tablepress-tarifs\" class=\"tablepress tablepress-id-tarifs tbody-has-connected-cells\">\n<thead>\n<tr class=\"row-1\">\n\t<td class=\"column-1\"><\/td><th class=\"column-2\">cours\/semaine<\/th><th class=\"column-3\">1 personne<\/th><th class=\"column-4\">couple *<\/th>\n<\/tr>\n<\/thead>\n<tbody>\n<tr class=\"row-2\">\n\t<td class=\"column-1\"><\/td><td class=\"column-2\"><\/td><td class=\"column-3\"><\/td><td class=\"column-4\"><\/td>\n<\/tr>\n<tr class=\"row-3\">\n\t<td rowspan=\"5\" class=\"column-1\"><strong>ADULTES<\/strong><br \/>\n<\/td><td class=\"column-2\">1 <span class=\"cours\">cours<\/span><\/td><td class=\"column-3\">265\u20ac   <\/td><td class=\"column-4\">480\u20ac<\/td>\n<\/tr>\n<tr class=\"row-4\">\n\t<td class=\"column-2\">2 <span class=\"cours\">cours<\/span><\/td><td class=\"column-3\">445\u20ac<\/td><td class=\"column-4\">810\u20ac<\/td>\n<\/tr>\n<tr class=\"row-5\">\n\t<td class=\"column-2\">3 <span class=\"cours\">cours<\/span><\/td><td class=\"column-3\">620\u20ac<\/td><td class=\"column-4\">1 120\u20ac<\/td>\n<\/tr>\n<tr class=\"row-6\">\n\t<td class=\"column-2\">4 <span class=\"cours\">cours<\/span><\/td><td class=\"column-3\">775\u20ac<\/td><td class=\"column-4\">1 350\u20ac<\/td>\n<\/tr>\n<tr class=\"row-7\">\n\t<td class=\"column-2\">5 <span class=\"cours\">cours<\/span><\/td><td class=\"column-3\">935\u20ac<\/td><td class=\"column-4\">1 570\u20ac<\/td>\n<\/tr>\n<tr class=\"row-8\">\n\t<td class=\"column-1\"><strong>ENFANTS \/ ADOS<\/strong><br \/>\n<span class=\"notes\">-18ans<\/span><\/td><td class=\"column-2\">1 <span class=\"cours\">cours<\/span><\/td><td class=\"column-3\">170\u20ac<\/td><td class=\"column-4\">__<\/td>\n<\/tr>\n<tr class=\"row-9\">\n\t<td class=\"column-1\"><strong>tous \u00e2ges et niveaux<\/strong><\/td><td class=\"column-2\"><span class=\"cours\">Entra\u00eenements<\/span><\/td><td colspan=\"2\" class=\"column-3\"><span style=\"color:red ; font-weight: bold;\">gratuit<\/span><\/td>\n<\/tr>\n<\/tbody>\n<tfoot>\n<tr class=\"row-10\">\n\t<th colspan=\"4\" class=\"column-1\">* 2 personnes de la m\u00eame famille ou habitant \u00e0 la m\u00eame adresse (sauf pour les comp\u00e9titeurs)<\/th>\n<\/tr>\n<\/tfoot>\n<\/table>\n<!-- #tablepress-tarifs from cache --><\/div><h5  class=\"\"><span  style=\"font-weight: 400; color: rgb(183, 43, 43);\"><sup >\n<br >dur\u00e9e des cours 55 minutes<\/sup><\/span><\/h5><p  class=\"\"><span  style=\"color: rgb(29, 29, 29);\">Les cotisations sont payables en d\u00e9but de saison en esp\u00e8ces, par virement ou par ch\u00e8que.<br >Vous pouvez payer en une fois (en esp\u00e8ces ou virement) et avec un, deux ou trois ch\u00e8ques (dat\u00e9s du jour m\u00eame).\n<br >Le premier ch\u00e8que sera encaiss\u00e9 de suite, le deuxi\u00e8me sera encaiss\u00e9 fin d\u00e9cembre et le troisi\u00e8me fin mars.<\/span><\/p><p  class=\"\">Pour les virements, voici l\u2019IBAN \u00e0 utiliser :<br >\nFR76 1027 8062 7400 0209 3670 161\n<br >BIC : CMCIFR2A<\/p><p  class=\"\">Les tarifs ci-dessus, tiennent compte de l\u2019adh\u00e9sion \u00e0 l\u2019association (35\u20ac) incluant la licence et l\u2019assurance.<br >\nLa saison correpond \u00e0 l\u2019ann\u00e9e scolaire. Les cours reprennent cette saison lundi 15 septembre.<br >\nLes cours ne sont pas assur\u00e9s pendant les vacances scolaires.<\/p><\/div>  <\/div><\/div> <\/div><!-- \/wp:extendstudio\/materialis-->","protected":false},"excerpt":{"rendered":"<p>lesTARIFSsaison 2025 \/ 2026 Cotisations pour la saison incluant l\u2019adh\u00e9sion \u00e0 l\u2019association, la licence et l\u2019assurance dur\u00e9e des cours 55 minutesLes cotisations sont payables en d\u00e9but de saison en esp\u00e8ces, par virement ou par ch\u00e8que.Vous pouvez payer en une fois (en esp\u00e8ces ou virement) et avec un, deux ou trois ch\u00e8ques (dat\u00e9s du jour m\u00eame).&nbsp;&hellip;<\/p>\n","protected":false},"author":1,"featured_media":0,"parent":0,"menu_order":0,"comment_status":"closed","ping_status":"closed","template":"","meta":{"footnotes":""},"class_list":["post-2746","page","type-page","status-publish","hentry"],"_links":{"self":[{"href":"https:\/\/www.tandem-dance.org\/index.php?rest_route=\/wp\/v2\/pages\/2746","targetHints":{"allow":["GET"]}}],"collection":[{"href":"https:\/\/www.tandem-dance.org\/index.php?rest_route=\/wp\/v2\/pages"}],"about":[{"href":"https:\/\/www.tandem-dance.org\/index.php?rest_route=\/wp\/v2\/types\/page"}],"author":[{"embeddable":true,"href":"https:\/\/www.tandem-dance.org\/index.php?rest_route=\/wp\/v2\/users\/1"}],"replies":[{"embeddable":true,"href":"https:\/\/www.tandem-dance.org\/index.php?rest_route=%2Fwp%2Fv2%2Fcomments&post=2746"}],"version-history":[{"count":38,"href":"https:\/\/www.tandem-dance.org\/index.php?rest_route=\/wp\/v2\/pages\/2746\/revisions"}],"predecessor-version":[{"id":5644,"href":"https:\/\/www.tandem-dance.org\/index.php?rest_route=\/wp\/v2\/pages\/2746\/revisions\/5644"}],"wp:attachment":[{"href":"https:\/\/www.tandem-dance.org\/index.php?rest_route=%2Fwp%2Fv2%2Fmedia&parent=2746"}],"curies":[{"name":"wp","href":"https:\/\/api.w.org\/{rel}","templated":true}]}}