{"id":3831,"date":"2022-06-28T23:41:34","date_gmt":"2022-06-28T21:41:34","guid":{"rendered":"https:\/\/www.tandem-dance.org\/?page_id=3831"},"modified":"2024-07-13T10:50:14","modified_gmt":"2024-07-13T08:50:14","slug":"galerie-photos","status":"publish","type":"page","link":"https:\/\/www.tandem-dance.org\/?page_id=3831","title":{"rendered":"Galerie photos"},"content":{"rendered":"<!-- wp:extendstudio\/materialis--><div  data-label=\"Features\" data-id=\"features--2\" data-export-id=\"features-1-materialis\" data-category=\"features\" class=\"features-1m content-section content-section-spacing-large\" id=\"features-2\" style=\"background-color: rgb(255, 255, 255); background-image: none;\"><div  class=\"\"><div  data-section-title-area=\"true\" class=\"row text-center\">   <div  class=\"section-title-col\" data-type=\"column\">                 <h2  class=\"\"><span  style=\"font-style: italic;\"><sup ><span  style=\"font-family: &quot;Playfair Display&quot;, arial, helvetica, sans-serif;\">la<\/span><\/sup><\/span>GALERIE PHOTOS<\/h2><h5 class=\"\" >des souvenirs<\/h5><img  decoding=\"async\" class=\"custom-image\" src=\"https:\/\/tandem-dance.org\/wp\/wp-content\/uploads\/2020\/04\/line_org.jpg\"><div  data-editable=\"true\" data-name=\"materialis-widgets-area\" data-content-shortcode=\"materialis_display_widgets_area id=&quot;materialis_users_custom_widgets_areas_28&quot; \" class=\"\"><div data-name=\"materialis-widgets-area\"><div id=\"block-60\" class=\"widget widget_block\"><p>\r\n\t<div class=\"aigpl-gallery-slider-wrp \">\r\n\t\t<div class=\"aigpl-gallery-album-wrp aigpl-gallery-slider aigpl-gallery-album-slider aigpl-clearfix aigpl-album-design-1\" id=\"aigpl-gallery-1\">\r\n\t\t\t\r\n<div class=\"aigpl-slider-slide aigpl-cnt-wrp\">\r\n\t<div class=\"aigpl-inr-wrp\">\r\n\r\n\t\t<div class=\"aigpl-img-wrp\" style=\"\">\r\n\t\t\t<a class=\"aigpl-img-link\" href=\"https:\/\/www.tandem-dance.org\/?page_id=3831&#038;album=5515&#038;album_ses=1#aigpl-album-gallery-1\" target=\"_self\">\r\n\t\t\t\t\t\t\t\t<img decoding=\"async\" class=\"aigpl-img\"  src=\"https:\/\/www.tandem-dance.org\/wp\/wp-content\/uploads\/gala2025_event.jpg\" alt=\"Gala de fin d&rsquo;ann\u00e9e &#8211; 2025\" \/>\r\n\t\t\t\t\t\t\t<\/a>\r\n\t\t<\/div>\r\n\r\n\t\t\t\t<div class=\"aigpl-img-count aigpl-center\">73 Photos<\/div>\r\n\t\t\t<\/div>\r\n<\/div>\r\n<div class=\"aigpl-slider-slide aigpl-cnt-wrp\">\r\n\t<div class=\"aigpl-inr-wrp\">\r\n\r\n\t\t<div class=\"aigpl-img-wrp\" style=\"\">\r\n\t\t\t<a class=\"aigpl-img-link\" href=\"https:\/\/www.tandem-dance.org\/?page_id=3831&#038;album=5246&#038;album_ses=1#aigpl-album-gallery-1\" target=\"_self\">\r\n\t\t\t\t\t\t\t\t<img decoding=\"async\" class=\"aigpl-img\"  src=\"https:\/\/www.tandem-dance.org\/wp\/wp-content\/uploads\/img_00-1.jpg\" alt=\"Stage \u00e9t\u00e9 2024 &#8211; Sicile (C\u00e9falu)\" \/>\r\n\t\t\t\t\t\t\t<\/a>\r\n\t\t<\/div>\r\n\r\n\t\t\t\t<div class=\"aigpl-img-count aigpl-center\">31 Photos<\/div>\r\n\t\t\t<\/div>\r\n<\/div>\r\n<div class=\"aigpl-slider-slide aigpl-cnt-wrp\">\r\n\t<div class=\"aigpl-inr-wrp\">\r\n\r\n\t\t<div class=\"aigpl-img-wrp\" style=\"\">\r\n\t\t\t<a class=\"aigpl-img-link\" href=\"https:\/\/www.tandem-dance.org\/?page_id=3831&#038;album=5245&#038;album_ses=1#aigpl-album-gallery-1\" target=\"_self\">\r\n\t\t\t\t\t\t\t\t<img decoding=\"async\" class=\"aigpl-img\"  src=\"https:\/\/www.tandem-dance.org\/wp\/wp-content\/uploads\/event_Gala2024.jpg\" alt=\"Gala 2024\" \/>\r\n\t\t\t\t\t\t\t<\/a>\r\n\t\t<\/div>\r\n\r\n\t\t\t\t<div class=\"aigpl-img-count aigpl-center\">97 Photos<\/div>\r\n\t\t\t<\/div>\r\n<\/div>\r\n<div class=\"aigpl-slider-slide aigpl-cnt-wrp\">\r\n\t<div class=\"aigpl-inr-wrp\">\r\n\r\n\t\t<div class=\"aigpl-img-wrp\" style=\"\">\r\n\t\t\t<a class=\"aigpl-img-link\" href=\"https:\/\/www.tandem-dance.org\/?page_id=3831&#038;album=4634&#038;album_ses=1#aigpl-album-gallery-1\" target=\"_self\">\r\n\t\t\t\t\t\t\t\t<img decoding=\"async\" class=\"aigpl-img\"  src=\"https:\/\/www.tandem-dance.org\/wp\/wp-content\/uploads\/event_gala2023.jpg\" alt=\"Gala 2023\" \/>\r\n\t\t\t\t\t\t\t<\/a>\r\n\t\t<\/div>\r\n\r\n\t\t\t\t<div class=\"aigpl-img-count aigpl-center\">70 Photos<\/div>\r\n\t\t\t<\/div>\r\n<\/div>\r\n<div class=\"aigpl-slider-slide aigpl-cnt-wrp\">\r\n\t<div class=\"aigpl-inr-wrp\">\r\n\r\n\t\t<div class=\"aigpl-img-wrp\" style=\"\">\r\n\t\t\t<a class=\"aigpl-img-link\" href=\"https:\/\/www.tandem-dance.org\/?page_id=3831&#038;album=4040&#038;album_ses=1#aigpl-album-gallery-1\" target=\"_self\">\r\n\t\t\t\t\t\t\t\t<img decoding=\"async\" class=\"aigpl-img\"  src=\"https:\/\/www.tandem-dance.org\/wp\/wp-content\/uploads\/Taglio2022_000-e1664055088691.jpg\" alt=\"Stage \u00e9t\u00e9 2022 &#8211; Taglio (Corse)\" \/>\r\n\t\t\t\t\t\t\t<\/a>\r\n\t\t<\/div>\r\n\r\n\t\t\t\t<div class=\"aigpl-img-count aigpl-center\">86 Photos<\/div>\r\n\t\t\t<\/div>\r\n<\/div>\r\n<div class=\"aigpl-slider-slide aigpl-cnt-wrp\">\r\n\t<div class=\"aigpl-inr-wrp\">\r\n\r\n\t\t<div class=\"aigpl-img-wrp\" style=\"\">\r\n\t\t\t<a class=\"aigpl-img-link\" href=\"https:\/\/www.tandem-dance.org\/?page_id=3831&#038;album=3820&#038;album_ses=1#aigpl-album-gallery-1\" target=\"_self\">\r\n\t\t\t\t\t\t\t\t<img decoding=\"async\" class=\"aigpl-img\"  src=\"https:\/\/www.tandem-dance.org\/wp\/wp-content\/uploads\/eventGala2022-1-scaled.jpg\" alt=\"Gala 2022\" \/>\r\n\t\t\t\t\t\t\t<\/a>\r\n\t\t<\/div>\r\n\r\n\t\t\t\t<div class=\"aigpl-img-count aigpl-center\">98 Photos<\/div>\r\n\t\t\t<\/div>\r\n<\/div>\t\t<\/div>\r\n\t\t<div class=\"aigpl-gallery-slider-conf aigpl-hide\">{&quot;slidestoshow&quot;:3,&quot;slidestoscroll&quot;:1,&quot;dots&quot;:&quot;true&quot;,&quot;arrows&quot;:&quot;true&quot;,&quot;autoplay&quot;:&quot;true&quot;,&quot;autoplay_interval&quot;:3000,&quot;speed&quot;:300,&quot;loop&quot;:&quot;true&quot;,&quot;lazyload&quot;:&quot;&quot;}<\/div>\r\n\t<\/div>\r\n\r\n\t<\/p>\n<\/div><\/div><\/div><\/div><\/div>  <div  class=\"row top-xs space-top-small content-center-sm\" data-type=\"row\">  <div  class=\"col-sm-4 col-xs-12 space-bottom col-md-12\" data-type=\"column\">  <\/div>  <\/div><\/div> <\/div><!-- \/wp:extendstudio\/materialis-->","protected":false},"excerpt":{"rendered":"<p>laGALERIE PHOTOSdes souvenirs<\/p>\n","protected":false},"author":1,"featured_media":0,"parent":0,"menu_order":0,"comment_status":"closed","ping_status":"closed","template":"","meta":{"footnotes":""},"class_list":["post-3831","page","type-page","status-publish","hentry"],"_links":{"self":[{"href":"https:\/\/www.tandem-dance.org\/index.php?rest_route=\/wp\/v2\/pages\/3831","targetHints":{"allow":["GET"]}}],"collection":[{"href":"https:\/\/www.tandem-dance.org\/index.php?rest_route=\/wp\/v2\/pages"}],"about":[{"href":"https:\/\/www.tandem-dance.org\/index.php?rest_route=\/wp\/v2\/types\/page"}],"author":[{"embeddable":true,"href":"https:\/\/www.tandem-dance.org\/index.php?rest_route=\/wp\/v2\/users\/1"}],"replies":[{"embeddable":true,"href":"https:\/\/www.tandem-dance.org\/index.php?rest_route=%2Fwp%2Fv2%2Fcomments&post=3831"}],"version-history":[{"count":13,"href":"https:\/\/www.tandem-dance.org\/index.php?rest_route=\/wp\/v2\/pages\/3831\/revisions"}],"predecessor-version":[{"id":5065,"href":"https:\/\/www.tandem-dance.org\/index.php?rest_route=\/wp\/v2\/pages\/3831\/revisions\/5065"}],"wp:attachment":[{"href":"https:\/\/www.tandem-dance.org\/index.php?rest_route=%2Fwp%2Fv2%2Fmedia&parent=3831"}],"curies":[{"name":"wp","href":"https:\/\/api.w.org\/{rel}","templated":true}]}}