{"id":4502,"date":"2023-09-02T21:08:08","date_gmt":"2023-09-02T19:08:08","guid":{"rendered":"https:\/\/www.tandem-dance.org\/?page_id=4502"},"modified":"2024-07-16T21:59:49","modified_gmt":"2024-07-16T19:59:49","slug":"professeurs","status":"publish","type":"page","link":"https:\/\/www.tandem-dance.org\/?page_id=4502","title":{"rendered":"Professeurs"},"content":{"rendered":"<!-- wp:extendstudio\/materialis--><div  id=\"features-2\" class=\"features-1m content-section content-section-spacing-large content-relative\" style=\"background-color: #ffffff; background-image: none;\" data-label=\"Features\" data-id=\"features--2\" data-export-id=\"features-1-materialis\" data-category=\"features\">\n<div  class=\"\">\n<div  class=\"row text-center\" data-section-title-area=\"true\">\n<div  class=\"section-title-col\" data-type=\"column\">\n<h2  class=\"\"><span  style=\"font-style: italic;\"><sup ><span  style=\"font-family: 'Playfair Display', arial, helvetica, sans-serif;\">les<\/span><\/sup><\/span>PROFESSEURS<\/h2>\n<h5  class=\"\">l\u2019\u00e9quipe de professeurs qualifi\u00e9s<\/h5><p  class=\"\"><img  decoding=\"async\" class=\"custom-image\" src=\"https:\/\/tandem-dance.org\/wp\/wp-content\/uploads\/2020\/04\/line_org.jpg\"><\/p>\n<\/div>\n<\/div>\n<div  class=\"row top-xs space-top-small content-center-sm\" data-type=\"row\">\n<div  class=\"col-sm-4 col-xs-12 space-bottom col-md-12\" data-type=\"column\">&nbsp;<\/div>\n<\/div>\n<\/div>\n<\/div><!-- \/wp:extendstudio\/materialis--><!-- wp:extendstudio\/materialis--><!-- \/wp:extendstudio\/materialis--><!-- wp:extendstudio\/materialis--><!-- \/wp:extendstudio\/materialis--><!-- wp:extendstudio\/materialis--><div  id=\"about-3\" class=\"about-10 content-section content-section-spacing-large content-relative\" style=\"background-color: #ffffff; background-image: none;\" data-label=\"About\" data-id=\"about--3\" data-export-id=\"about-10\" data-category=\"about\"><div  class=\"section-separator-top\">\n    <svg  class=\"section-separator-top\" data-separator-name=\"triangle-asymmetrical-negative\" preserveAspectRatio=\"none\" viewBox=\"0 0 1000 100\" xmlns=\"http:\/\/www.w3.org\/2000\/svg\">\n        <path  class=\"svg-white-bg\" d=\"M737.9,94.7L0,0v100h1000V0L737.9,94.7z\"><\/path>\n    <\/svg>\n<\/div>\n\n<div  class=\"gridContainer\">\n<div  class=\"row text-center\" data-section-title-area=\"true\">\n<div  class=\"section-title-col\" data-type=\"column\">\n<h1  class=\"\"><span  style=\"font-weight: 500; font-style: italic; color: #ff8000;\">Jean-Fran\u00e7ois<\/span><\/h1>\n<h2  class=\"\"><sub ><span  style=\"font-family: 'arial black', sans-serif; font-style: italic;\">17 titres de champion de France<\/span><\/sub><\/h2>\n<h5  class=\"\"><sup ><span  style=\"font-weight: 400;\">Finalistes au championnat d\u2019Europe 10 danses<\/span>TOP 24 au championnat du Monde 10 danses<\/sup><\/h5>\n<\/div>\n<\/div>\n<div  class=\"row middle-sm text-center\">\n<div  class=\"col-sm-5 space-bottom-xs content-column\" data-type=\"column\">\n<div  class=\"\" data-editable=\"true\" data-name=\"materialis-widgets-area\" data-content-shortcode=\"materialis_display_widgets_area id=&quot;materialis_users_custom_widgets_areas_30&quot; \"><div data-name=\"materialis-widgets-area\"><div id=\"block-51\" class=\"widget widget_block\"><!-- JEFF -->\n\n\t<div class=\"s16 Robot Noir Gch\">\n\t\t<p>Jean-Fran\u00e7ois continue sa carri\u00e8re de danseur en comp\u00e9tition et repr\u00e9sente les couleurs de la France r\u00e9guli\u00e8rement aux divers championnats officiels de la WDSF.\n\t\t<\/p>\n\t\t<p>En parall\u00e8le de la carri\u00e8re de danseur, il enseigne depuis quelques ann\u00e9es dans diff\u00e9rentes \u00e9coles dans notre r\u00e9gion, alliant ainsi jeunesse et exp\u00e9rience dans sa p\u00e9dagogie.<\/p>\n\t<\/div><\/div><\/div><\/div>\n<p  class=\"\">&nbsp;<\/p>\n<\/div>\n<div  class=\"col-sm-7 flexbox middle-xs center-xs\">\n<div  class=\"overlay-box middle-xs center-xs flexbox box-image\">\n<div  class=\"overlay-box-offset border-color1 hide-xs border-radius-8 offset-background mdc-elevation--z0\">&nbsp;<\/div>\n<p ><img  decoding=\"async\" class=\"rounded max-image mdc-elevation--z0\" src=\"https:\/\/www.tandem-dance.org\/wp\/wp-content\/uploads\/cropped-IJ_01.jpg\" data-size=\"480x700\"><\/p>\n<\/div>\n<p >&nbsp;<\/p>\n<\/div>\n<\/div>\n<\/div>\n\n<div  class=\"section-separator-bottom\">\n    <svg  class=\"section-separator-bottom\" data-separator-name=\"triangle-asymmetrical-negative\" preserveAspectRatio=\"none\" viewBox=\"0 0 1000 100\" xmlns=\"http:\/\/www.w3.org\/2000\/svg\">\n        <path  class=\"svg-white-bg\" d=\"M737.9,94.7L0,0v100h1000V0L737.9,94.7z\"><\/path>\n    <\/svg>\n<\/div><\/div><!-- \/wp:extendstudio\/materialis--><!-- wp:extendstudio\/materialis--><div  data-label=\"Content\" data-id=\"content--2\" data-export-id=\"content-18\" data-category=\"content\" class=\"content-16 content-section content-section-spacing-large content-relative\" id=\"content-2\" style=\"background-color: rgb(255, 255, 255); background-image: none;\"><div  class=\"section-separator-top\">\n    <svg  class=\"section-separator-top\" data-separator-name=\"triangle-asymmetrical-negative\" preserveAspectRatio=\"none\" viewBox=\"0 0 1000 100\" xmlns=\"http:\/\/www.w3.org\/2000\/svg\">\n        <path  class=\"svg-white-bg\" d=\"M737.9,94.7L0,0v100h1000V0L737.9,94.7z\"><\/path>\n    <\/svg>\n<\/div><div  class=\"gridContainer\"><div  data-section-title-area=\"true\" class=\"row text-center\">   <div  class=\"section-title-col\" data-type=\"column\">       <h2  class=\"\"><span  style=\"font-style: italic; font-weight: 500; color: rgb(255, 128, 0);\">Manon<\/span><\/h2>          <h2  class=\"\"><span  style=\"font-style: italic;\"><sub ><span  style=\"font-family: &quot;arial black&quot;, sans-serif;\">Vice-championne de France Latines<\/span><\/sub><\/span><\/h2><h5  class=\"\"><sub >TOP 50 au classement mondial\n<\/sub><br ><sub >\nVice-championne de France en Bachata<\/sub><\/h5><p  class=\"\"><\/p><\/div><\/div> <div  class=\"row middle-sm\"><div  class=\"col-xs-12 col-sm-6 flexbox around-xs top-xs col-padding-small-xs\"> <div  class=\"overlay-box flexbox middle-xs center-xs overlay-holder \"><div  class=\"overlay-box-offset offset-background bg-color2 mdc-elevation--z0\"><\/div> <img  decoding=\"async\" class=\"flexbox img1 mdc-elevation--z0\" data-size=\"500x500\" src=\"https:\/\/www.tandem-dance.org\/wp\/wp-content\/uploads\/cropped-manon_02.jpg\"><\/div> <\/div> <div  class=\"col-xs-12 col-sm-6 space-top-xs\" data-type=\"column\"><div  data-editable=\"true\" data-name=\"materialis-widgets-area\" data-content-shortcode=\"materialis_display_widgets_area id=&quot;materialis_users_custom_widgets_areas_31&quot; \" class=\"\"><div data-name=\"materialis-widgets-area\"><div id=\"block-52\" class=\"widget widget_block\"><div class=\"s16 Robot Noir Gch\">\n\t\t<p>Manon a pratiqu\u00e9 la danse en comp\u00e9titon depuis son plus jeune \u00e2ge en Danse Sportive mais \u00e9galement en Bachata.<\/p>\n\t\t<p>Toute en poursuivant sa carri\u00e8re de danseuse professionnelle, elle se consacre \u00e9galement \u00e0 l'enseignement des danses en couple et \u00e0 l'entra\u00eenement de comp\u00e9titeurs de tous niveaux aussi bien en Danse Sportive qu'en Bachata.\n\t\t<\/p>\n\t<\/div><\/div><\/div><\/div>   <\/div> <\/div><\/div> <\/div><!-- \/wp:extendstudio\/materialis-->","protected":false},"excerpt":{"rendered":"<p>lesPROFESSEURS l\u2019\u00e9quipe de professeurs qualifi\u00e9s &nbsp; Jean-Fran\u00e7ois 17 titres de champion de France Finalistes au championnat d\u2019Europe 10 dansesTOP 24 au championnat du Monde 10 danses &nbsp; &nbsp; &nbsp; Manon Vice-championne de France LatinesTOP 50 au classement mondial Vice-championne de France en Bachata<\/p>\n","protected":false},"author":1,"featured_media":0,"parent":0,"menu_order":0,"comment_status":"closed","ping_status":"closed","template":"","meta":{"footnotes":""},"class_list":["post-4502","page","type-page","status-publish","hentry"],"_links":{"self":[{"href":"https:\/\/www.tandem-dance.org\/index.php?rest_route=\/wp\/v2\/pages\/4502","targetHints":{"allow":["GET"]}}],"collection":[{"href":"https:\/\/www.tandem-dance.org\/index.php?rest_route=\/wp\/v2\/pages"}],"about":[{"href":"https:\/\/www.tandem-dance.org\/index.php?rest_route=\/wp\/v2\/types\/page"}],"author":[{"embeddable":true,"href":"https:\/\/www.tandem-dance.org\/index.php?rest_route=\/wp\/v2\/users\/1"}],"replies":[{"embeddable":true,"href":"https:\/\/www.tandem-dance.org\/index.php?rest_route=%2Fwp%2Fv2%2Fcomments&post=4502"}],"version-history":[{"count":11,"href":"https:\/\/www.tandem-dance.org\/index.php?rest_route=\/wp\/v2\/pages\/4502\/revisions"}],"predecessor-version":[{"id":5286,"href":"https:\/\/www.tandem-dance.org\/index.php?rest_route=\/wp\/v2\/pages\/4502\/revisions\/5286"}],"wp:attachment":[{"href":"https:\/\/www.tandem-dance.org\/index.php?rest_route=%2Fwp%2Fv2%2Fmedia&parent=4502"}],"curies":[{"name":"wp","href":"https:\/\/api.w.org\/{rel}","templated":true}]}}