{"id":6,"date":"2019-09-19T01:51:40","date_gmt":"2019-09-18T23:51:40","guid":{"rendered":"http:\/\/tandem-dance.org\/wordpress\/materialis\/"},"modified":"2026-03-06T19:56:39","modified_gmt":"2026-03-06T18:56:39","slug":"accueil","status":"publish","type":"page","link":"https:\/\/www.tandem-dance.org\/","title":{"rendered":"Accueil"},"content":{"rendered":"<!-- wp:extendstudio\/materialis--><div  data-label=\"Features\" data-id=\"features--1\" data-export-id=\"features-13-materialis\" data-category=\"features\" class=\"features-13m content-section content-section-spacing-large content-relative\" id=\"features-1\" style=\"background-color: rgba(255, 255, 255, 0); background-image: none;\" data-section-ov=\"1\"><div  class=\"gridContainer\"> <div  class=\"row cols-separator-between content-center-sm center-sm\" data-type=\"row\"><div  class=\"col-sm-4 col-xs-12 space-bottom col-md-6\" data-type=\"column\"><h1  class=\"\" style=\"text-align: left;\">Apprenez \u00e0\n<br >Danser\n<br ><span  style=\"font-weight: 700;\"><sub ><span  style=\"font-style: italic; font-family: &quot;Playfair Display&quot;, arial, helvetica, sans-serif;\"><sup >ou perfectionnez votre style<\/sup><\/span><\/sub><\/span><\/h1>   <img  decoding=\"async\" class=\"custom-image\" src=\"https:\/\/tandem-dance.org\/wp\/wp-content\/uploads\/2020\/04\/line_org.jpg\"><h6  class=\"\"><span  style=\"color: rgb(0, 0, 255); font-weight: 400; font-style: italic;\">toutes les danses \u2013 tous les niveaux \u2013 tous les \u00e2ges<\/span><\/h6><h6  class=\"\" style=\"text-align: center;\"><span  style=\"font-weight: 400;\"><sup >Cha-Cha \u2013 Tango \u2013 Rumba \u2013 Valses \u2013 Samba \u2013 Quickstep \u2013 Paso-Doble&nbsp;\u2013 Salsa \u2013 Rock<\/sup><\/span><\/h6><h5  class=\"\"><span  style=\"font-style: italic; font-weight: 400; color: rgb(255, 0, 0);\">cours pour Enfants et Ados\n<br >\nURBAN LATINO<br >\n<sup >\u00e0 partir de 7 ans<\/sup><br >\n<span  id=\"_mce_caret\" data-mce-bogus=\"1\" data-mce-type=\"format-caret\"><sub >le \ufeffmercredi 18h30<\/sub><\/span><br ><br >\n<\/span>\n<\/h5><h5  class=\"\"><span  style=\"color: rgb(255, 0, 0); font-weight: 400;\">cours sp\u00e9cial BACHATA<\/span>\n<br ><span  id=\"_mce_caret\" data-mce-bogus=\"1\" data-mce-type=\"format-caret\"><span  style=\"color: rgb(255, 0, 0); font-weight: 400;\"><sub >\ufeffle lundi \u00e0 20h30<\/sub><\/span><\/span><\/h5><div  data-editable=\"true\" data-name=\"materialis-widgets-area\" data-content-shortcode=\"materialis_display_widgets_area id=&quot;materialis_users_custom_widgets_areas_20&quot; \" class=\"\"><div data-name=\"materialis-widgets-area\"><div id=\"block-59\" class=\"widget widget_block\"><div align=\"center\">\n\t<table align=\"center\" boder=\"0\" cellpadding=\"0\" cellspacing=\"10\">\n\t\t<tr>\n\t\t\t<td height=\"170\">\n\t\t\t\t<a href=\"https:\/\/ffdanse.fr\/\" target=\"_blank\">\n\t\t\t\t\t<img loading=\"lazy\" decoding=\"async\" src=\"..\/..\/_img\/logo_ffd.jpg\" width=\"214\" height=\"170\" alt=\"ffd\" \/>\n\t\t\t\t<\/a>\n\t\t\t<\/td>\n\t\t\t<td>\n<br><br>\n\t\t\t\t<a href=\"https:\/\/igny.fr\" target=\"_blank\">\n\t\t\t\t\t<img loading=\"lazy\" decoding=\"async\" src=\"..\/..\/_img\/logo_igny.jpg\" width=\"214\" height=\"100\" alt=\"cd\"\/>\n\t\t\t\t<\/a>\n\t\t\t<\/td>\n\t\t\t<td>\n<br><br>\n\t\t\t\t<a href=\"http:\/\/essonne.fr\/\" target=\"_blank\">\n\t\t\t\t\t<img loading=\"lazy\" decoding=\"async\" src=\"..\/..\/_img\/logo_essonne.jpg\" width=\"214\" height=\"98\" alt=\"igny\" \/>\n\t\t\t\t<\/a>\n\t\t\t<\/td>\n\t\t<\/tr>\n\t<\/table>\n<!--FIN -->\n<\/div><\/div><\/div><\/div><\/div><div  class=\"col-sm-4 col-xs-12 space-bottom col-md-6\" data-type=\"column\"><h2  class=\"\"><sup ><span  style=\"font-family: &quot;Playfair Display&quot;, arial, helvetica, sans-serif; font-style: italic;\">\n<br >les <\/span><\/sup>ACTUALIT\u00c9S<\/h2><h5  class=\"\" style=\"text-align: center;\"><span  style=\"font-weight: 300; font-style: italic;\">Toutes les actualit\u00e9s et \u00e9v\u00e8nements organis\u00e9s pour vous<\/span><\/h5>  <img  decoding=\"async\" class=\"custom-image\" src=\"https:\/\/tandem-dance.org\/wp\/wp-content\/uploads\/2020\/04\/line_org.jpg\"><div  data-editable=\"true\" data-name=\"materialis-widgets-area\" data-content-shortcode=\"materialis_display_widgets_area id=&quot;materialis_users_custom_widgets_areas_24&quot; \" class=\"\"><div data-name=\"materialis-widgets-area\"><div id=\"block-65\" class=\"widget widget_block\"><div>\n<div>\n<div class=\"actu-txt\"><br \/>\n<a style=\"color:red\" href=\"https:\/\/www.tandem-dance.org\/all\/stages\/stage_ete\/ete2026\/stage_ete2026a.html\" target=\"_blank\">\n<b>Stage d'\u00e9t\u00e9 2026 \u00e0 Chypre du 1er au 8 juillet<\/b><\/a><br \/>\nIl reste encore des places (tarifs non garantis)\n<\/div>\n<\/div>\n<\/div><\/div><\/div><\/div><p  class=\"\">&nbsp;<\/p><h4  class=\"\">Les prochains \u00e9v\u00e8nements<\/h4><p  class=\"\">\u00e0 retenir sur vos agendas<\/p><img  decoding=\"async\" class=\"custom-image\" src=\"https:\/\/www.tandem-dance.org\/wp\/wp-content\/uploads\/2020\/04\/line_org.jpg\"><div  data-editable=\"true\" data-name=\"materialis-custom-content-shortcode\" data-content-shortcode=\"eme_events scope=-2d--365d limit=10 template_id=1\" class=\"\"><hr \/>\n\n<div id=\"actu\">\n<div id=\"actu-ico\"><\/div>\n<div id=\"actu-txt\"><a id=\"actu-link\" href=\"https:\/\/www.tandem-dance.org\/evenement2\" target=\"_blank\" rel=\"noopener\">Apr\u00e8s-midi Dansant<\/a>\n<span class=\"s12\">\n- 12 avril 2026 \u00e0 16:00 - Gymnase Marcel Cerdan (Igny)<\/span><\/div>\n<div><\/div>\n<div><\/div>\n<\/div><hr \/>\n\n<div id=\"actu\">\n<div id=\"actu-ico\"><img loading=\"lazy\" decoding=\"async\" width=\"768\" height=\"450\" src=\"https:\/\/www.tandem-dance.org\/wp\/wp-content\/uploads\/event-1-768x450.jpg\" class=\"eme_event_image\" alt=\"\" srcset=\"https:\/\/www.tandem-dance.org\/wp\/wp-content\/uploads\/event-1-768x450.jpg 768w, https:\/\/www.tandem-dance.org\/wp\/wp-content\/uploads\/event-1-300x176.jpg 300w, https:\/\/www.tandem-dance.org\/wp\/wp-content\/uploads\/event-1-1024x600.jpg 1024w, https:\/\/www.tandem-dance.org\/wp\/wp-content\/uploads\/event-1-1536x901.jpg 1536w, https:\/\/www.tandem-dance.org\/wp\/wp-content\/uploads\/event-1-2048x1201.jpg 2048w, https:\/\/www.tandem-dance.org\/wp\/wp-content\/uploads\/event-1-1232x722.jpg 1232w, https:\/\/www.tandem-dance.org\/wp\/wp-content\/uploads\/event-1-1842x1080.jpg 1842w\" sizes=\"auto, (max-width: 768px) 100vw, 768px\" \/><\/div>\n<div id=\"actu-txt\"><a id=\"actu-link\" href=\"https:\/\/www.tandem-dance.org\/all\/stages\/stage-campagne_2026.html\" target=\"_blank\" rel=\"noopener\">Stage \u00e0 la campagne<\/a>\n<span class=\"s12\">\n- 25 avril 2026 \u00e0 00:00 - Saint-Fargeau ()<\/span><\/div>\n<div><\/div>\n<div><\/div>\n<\/div><hr \/>\n\n<div id=\"actu\">\n<div id=\"actu-ico\"><\/div>\n<div id=\"actu-txt\"><a id=\"actu-link\" href=\"https:\/\/www.tandem-dance.org\/evenement2\" target=\"_blank\" rel=\"noopener\">Apr\u00e8s-midi Dansant<\/a>\n<span class=\"s12\">\n- 10 mai 2026 \u00e0 16:00 - Gymnase Marcel Cerdan (Igny)<\/span><\/div>\n<div><\/div>\n<div><\/div>\n<\/div><hr \/>\n\n<div id=\"actu\">\n<div id=\"actu-ico\"><img loading=\"lazy\" decoding=\"async\" width=\"768\" height=\"450\" src=\"https:\/\/www.tandem-dance.org\/wp\/wp-content\/uploads\/gala2026_event-768x450.jpg\" class=\"eme_event_image\" alt=\"\" srcset=\"https:\/\/www.tandem-dance.org\/wp\/wp-content\/uploads\/gala2026_event-768x450.jpg 768w, https:\/\/www.tandem-dance.org\/wp\/wp-content\/uploads\/gala2026_event-300x176.jpg 300w, https:\/\/www.tandem-dance.org\/wp\/wp-content\/uploads\/gala2026_event-1024x600.jpg 1024w, https:\/\/www.tandem-dance.org\/wp\/wp-content\/uploads\/gala2026_event-1536x901.jpg 1536w, https:\/\/www.tandem-dance.org\/wp\/wp-content\/uploads\/gala2026_event-2048x1201.jpg 2048w, https:\/\/www.tandem-dance.org\/wp\/wp-content\/uploads\/gala2026_event-1232x722.jpg 1232w, https:\/\/www.tandem-dance.org\/wp\/wp-content\/uploads\/gala2026_event-1842x1080.jpg 1842w\" sizes=\"auto, (max-width: 768px) 100vw, 768px\" \/><\/div>\n<div id=\"actu-txt\"><a id=\"actu-link\" href=\"https:\/\/www.tandem-dance.org\/evenement2\" target=\"_blank\" rel=\"noopener\">Gala de fin d&#039;ann\u00e9e 2026<\/a>\n<span class=\"s12\">\n- 13 juin 2026 \u00e0 20:30 - Gymnase Kervadec (Igny)<\/span><\/div>\n<div><\/div>\n<div><\/div>\n<\/div><hr \/>\n\n<div id=\"actu\">\n<div id=\"actu-ico\"><img loading=\"lazy\" decoding=\"async\" width=\"768\" height=\"450\" src=\"https:\/\/www.tandem-dance.org\/wp\/wp-content\/uploads\/accueil_event-768x450.jpg\" class=\"eme_event_image\" alt=\"\" srcset=\"https:\/\/www.tandem-dance.org\/wp\/wp-content\/uploads\/accueil_event-768x450.jpg 768w, https:\/\/www.tandem-dance.org\/wp\/wp-content\/uploads\/accueil_event-300x176.jpg 300w, https:\/\/www.tandem-dance.org\/wp\/wp-content\/uploads\/accueil_event-1024x600.jpg 1024w, https:\/\/www.tandem-dance.org\/wp\/wp-content\/uploads\/accueil_event-1536x901.jpg 1536w, https:\/\/www.tandem-dance.org\/wp\/wp-content\/uploads\/accueil_event-2048x1201.jpg 2048w, https:\/\/www.tandem-dance.org\/wp\/wp-content\/uploads\/accueil_event-1232x722.jpg 1232w, https:\/\/www.tandem-dance.org\/wp\/wp-content\/uploads\/accueil_event-1842x1080.jpg 1842w\" sizes=\"auto, (max-width: 768px) 100vw, 768px\" \/><\/div>\n<div id=\"actu-txt\"><a id=\"actu-link\" href=\"https:\/\/www.tandem-dance.org\/all\/stages\/stage_ete\/ete2026\/stage_ete2026a.html\" target=\"_blank\" rel=\"noopener\">Stage d&#039;\u00e9t\u00e9 2026 &#8211; Chypre<\/a>\n<span class=\"s12\">\n- 01 juillet 2026 \u00e0 00:00 - Chypre (Ayia Napa)<\/span><\/div>\n<div><\/div>\n<div><\/div>\n<\/div><\/div><\/div>   <\/div><\/div> <\/div><!-- \/wp:extendstudio\/materialis-->","protected":false},"excerpt":{"rendered":"<p>Apprenez \u00e0 Danser ou perfectionnez votre style toutes les danses \u2013 tous les niveaux \u2013 tous les \u00e2gesCha-Cha \u2013 Tango \u2013 Rumba \u2013 Valses \u2013 Samba \u2013 Quickstep \u2013 Paso-Doble&nbsp;\u2013 Salsa \u2013 Rockcours pour Enfants et Ados URBAN LATINO \u00e0 partir de 7 ans le \ufeffmercredi 18h30 cours sp\u00e9cial BACHATA \ufeffle lundi \u00e0 20h30 les&nbsp;&hellip;<\/p>\n","protected":false},"author":1,"featured_media":0,"parent":0,"menu_order":1,"comment_status":"closed","ping_status":"closed","template":"","meta":{"footnotes":""},"class_list":["post-6","page","type-page","status-publish","hentry"],"_links":{"self":[{"href":"https:\/\/www.tandem-dance.org\/index.php?rest_route=\/wp\/v2\/pages\/6","targetHints":{"allow":["GET"]}}],"collection":[{"href":"https:\/\/www.tandem-dance.org\/index.php?rest_route=\/wp\/v2\/pages"}],"about":[{"href":"https:\/\/www.tandem-dance.org\/index.php?rest_route=\/wp\/v2\/types\/page"}],"author":[{"embeddable":true,"href":"https:\/\/www.tandem-dance.org\/index.php?rest_route=\/wp\/v2\/users\/1"}],"replies":[{"embeddable":true,"href":"https:\/\/www.tandem-dance.org\/index.php?rest_route=%2Fwp%2Fv2%2Fcomments&post=6"}],"version-history":[{"count":217,"href":"https:\/\/www.tandem-dance.org\/index.php?rest_route=\/wp\/v2\/pages\/6\/revisions"}],"predecessor-version":[{"id":5683,"href":"https:\/\/www.tandem-dance.org\/index.php?rest_route=\/wp\/v2\/pages\/6\/revisions\/5683"}],"wp:attachment":[{"href":"https:\/\/www.tandem-dance.org\/index.php?rest_route=%2Fwp%2Fv2%2Fmedia&parent=6"}],"curies":[{"name":"wp","href":"https:\/\/api.w.org\/{rel}","templated":true}]}}